{"id":1086,"date":"2025-09-27T17:10:45","date_gmt":"2025-09-27T16:10:45","guid":{"rendered":"https:\/\/erzgebirge-krug.com\/?post_type=product&#038;p=1086"},"modified":"2025-09-27T17:39:16","modified_gmt":"2025-09-27T16:39:16","slug":"raeuchermann-santa-claus-20cm","status":"publish","type":"product","link":"https:\/\/erzgebirge-krug.com\/en\/produkt\/raeuchermann-santa-claus-20cm\/","title":{"rendered":"R\u00e4uchermann &#8211; Santa Claus &#8211; 20cm"},"content":{"rendered":"<p>R\u00e4ucherm\u00e4nnchen aus dem Erzgebirge , Handbemalt , Santa Claus , 20 cm<\/p>\n","protected":false},"excerpt":{"rendered":"<p>R\u00e4ucherm\u00e4nnchen aus dem Erzgebirge , Handbemalt , Santa Claus , 20 cm<\/p>\n","protected":false},"featured_media":1087,"template":"","meta":[],"product_cat":[18],"product_tag":[],"yst_prominent_words":[],"class_list":{"0":"post-1086","1":"product","2":"type-product","3":"status-publish","4":"has-post-thumbnail","6":"product_cat-raeuchermaennche","8":"first","9":"instock","10":"taxable","11":"shipping-taxable","12":"purchasable","13":"product-type-simple","14":"col-xs-6 col-sm-6","15":"col-md-3 col-lg-6","16":"un-2-cols"},"_links":{"self":[{"href":"https:\/\/erzgebirge-krug.com\/en\/wp-json\/wp\/v2\/product\/1086","targetHints":{"allow":["GET"]}}],"collection":[{"href":"https:\/\/erzgebirge-krug.com\/en\/wp-json\/wp\/v2\/product"}],"about":[{"href":"https:\/\/erzgebirge-krug.com\/en\/wp-json\/wp\/v2\/types\/product"}],"wp:featuredmedia":[{"embeddable":true,"href":"https:\/\/erzgebirge-krug.com\/en\/wp-json\/wp\/v2\/media\/1087"}],"wp:attachment":[{"href":"https:\/\/erzgebirge-krug.com\/en\/wp-json\/wp\/v2\/media?parent=1086"}],"wp:term":[{"taxonomy":"product_cat","embeddable":true,"href":"https:\/\/erzgebirge-krug.com\/en\/wp-json\/wp\/v2\/product_cat?post=1086"},{"taxonomy":"product_tag","embeddable":true,"href":"https:\/\/erzgebirge-krug.com\/en\/wp-json\/wp\/v2\/product_tag?post=1086"},{"taxonomy":"yst_prominent_words","embeddable":true,"href":"https:\/\/erzgebirge-krug.com\/en\/wp-json\/wp\/v2\/yst_prominent_words?post=1086"}],"curies":[{"name":"wp","href":"https:\/\/api.w.org\/{rel}","templated":true}]}}