{"id":1096,"date":"2025-09-27T17:54:33","date_gmt":"2025-09-27T16:54:33","guid":{"rendered":"https:\/\/erzgebirge-krug.com\/?post_type=product&#038;p=1096"},"modified":"2025-09-27T17:54:33","modified_gmt":"2025-09-27T16:54:33","slug":"raeuchermaennchen-bergmann-mit-kleiner-trommel-20cm","status":"publish","type":"product","link":"https:\/\/erzgebirge-krug.com\/en\/produkt\/raeuchermaennchen-bergmann-mit-kleiner-trommel-20cm\/","title":{"rendered":"R\u00e4ucherm\u00e4nnchen &#8211; Bergmann mit kleiner Trommel &#8211; 20cm"},"content":{"rendered":"<p>R\u00e4ucherm\u00e4nnchen aus dem Erzgebirge , Handbemalt ; Bergmann mit kleiner Trommel , 20 cm<\/p>\n","protected":false},"excerpt":{"rendered":"<p>R\u00e4ucherm\u00e4nnchen aus dem Erzgebirge , Handbemalt ; Bergmann mit kleiner Trommel , 20 cm<\/p>\n","protected":false},"featured_media":1097,"template":"","meta":[],"product_cat":[18],"product_tag":[],"yst_prominent_words":[],"class_list":{"0":"post-1096","1":"product","2":"type-product","3":"status-publish","4":"has-post-thumbnail","6":"product_cat-raeuchermaennche","8":"first","9":"instock","10":"taxable","11":"shipping-taxable","12":"purchasable","13":"product-type-simple","14":"col-xs-6 col-sm-6","15":"col-md-3 col-lg-6","16":"un-2-cols"},"_links":{"self":[{"href":"https:\/\/erzgebirge-krug.com\/en\/wp-json\/wp\/v2\/product\/1096","targetHints":{"allow":["GET"]}}],"collection":[{"href":"https:\/\/erzgebirge-krug.com\/en\/wp-json\/wp\/v2\/product"}],"about":[{"href":"https:\/\/erzgebirge-krug.com\/en\/wp-json\/wp\/v2\/types\/product"}],"wp:featuredmedia":[{"embeddable":true,"href":"https:\/\/erzgebirge-krug.com\/en\/wp-json\/wp\/v2\/media\/1097"}],"wp:attachment":[{"href":"https:\/\/erzgebirge-krug.com\/en\/wp-json\/wp\/v2\/media?parent=1096"}],"wp:term":[{"taxonomy":"product_cat","embeddable":true,"href":"https:\/\/erzgebirge-krug.com\/en\/wp-json\/wp\/v2\/product_cat?post=1096"},{"taxonomy":"product_tag","embeddable":true,"href":"https:\/\/erzgebirge-krug.com\/en\/wp-json\/wp\/v2\/product_tag?post=1096"},{"taxonomy":"yst_prominent_words","embeddable":true,"href":"https:\/\/erzgebirge-krug.com\/en\/wp-json\/wp\/v2\/yst_prominent_words?post=1096"}],"curies":[{"name":"wp","href":"https:\/\/api.w.org\/{rel}","templated":true}]}}