{"id":1108,"date":"2025-09-27T19:48:46","date_gmt":"2025-09-27T18:48:46","guid":{"rendered":"https:\/\/erzgebirge-krug.com\/?post_type=product&#038;p=1108"},"modified":"2025-10-06T20:34:48","modified_gmt":"2025-10-06T19:34:48","slug":"nussknacker-offiziant-38cm","status":"publish","type":"product","link":"https:\/\/erzgebirge-krug.com\/en\/produkt\/nussknacker-offiziant-38cm\/","title":{"rendered":"Nussknacker &#8211; Offiziant &#8211; 38cm"},"content":{"rendered":"<p class=\"p1\"><span class=\"s1\">Der Nussknacker \u201eOffiziant\u201c ist eine dekorative Holzfigur, hergestellt und Handbemalt im Erzgebirge.<\/span><\/p>\n<p class=\"p1\"><span class=\"s1\">Merkmale:<\/span><\/p>\n<ul>\n<li class=\"p1\"><span class=\"s1\">Einzigartige handgefertigte Holzfigur<\/span><\/li>\n<li class=\"p1\"><span class=\"s1\">Model: Offiziant<\/span><\/li>\n<li class=\"p1\"><span class=\"s1\">Gr\u00f6\u00dfe: 38 cm<\/span><\/li>\n<li class=\"p1\"><span class=\"s1\">Gewicht: 726 g<\/span><\/li>\n<\/ul>\n<p class=\"p1\"><span class=\"s1\">Hergestellt aus heimischen Laubh\u00f6lzern.<\/span><\/p>\n<p>Der Nussknacker in Form eines Bergmanns, gekleidet in der Tracht des Offizianten im Erzgebirge, stellt eine ehrerbietige Anerkennung f\u00fcr die Bergleute dar und w\u00fcrdigt ihre bedeutende Arbeit.<\/p>\n","protected":false},"excerpt":{"rendered":"<p>Der Nussknacker \u201eOffiziant\u201c ist eine dekorative Holzfigur, hergestellt und Handbemalt im Erzgebirge. Merkmale: Einzigartige handgefertigte Holzfigur Model: Offiziant Gr\u00f6\u00dfe: 38 cm Gewicht: 726 g Hergestellt aus heimischen Laubh\u00f6lzern. Der Nussknacker in Form eines Bergmanns, gekleidet in der Tracht des Offizianten im Erzgebirge, stellt eine ehrerbietige Anerkennung f\u00fcr die Bergleute dar und w\u00fcrdigt ihre bedeutende Arbeit.<\/p>\n","protected":false},"featured_media":1156,"template":"","meta":[],"product_cat":[17],"product_tag":[],"yst_prominent_words":[],"class_list":{"0":"post-1108","1":"product","2":"type-product","3":"status-publish","4":"has-post-thumbnail","6":"product_cat-nussknacker","8":"first","9":"instock","10":"taxable","11":"shipping-taxable","12":"purchasable","13":"product-type-simple","14":"col-xs-6 col-sm-6","15":"col-md-3 col-lg-6","16":"un-2-cols"},"_links":{"self":[{"href":"https:\/\/erzgebirge-krug.com\/en\/wp-json\/wp\/v2\/product\/1108","targetHints":{"allow":["GET"]}}],"collection":[{"href":"https:\/\/erzgebirge-krug.com\/en\/wp-json\/wp\/v2\/product"}],"about":[{"href":"https:\/\/erzgebirge-krug.com\/en\/wp-json\/wp\/v2\/types\/product"}],"wp:featuredmedia":[{"embeddable":true,"href":"https:\/\/erzgebirge-krug.com\/en\/wp-json\/wp\/v2\/media\/1156"}],"wp:attachment":[{"href":"https:\/\/erzgebirge-krug.com\/en\/wp-json\/wp\/v2\/media?parent=1108"}],"wp:term":[{"taxonomy":"product_cat","embeddable":true,"href":"https:\/\/erzgebirge-krug.com\/en\/wp-json\/wp\/v2\/product_cat?post=1108"},{"taxonomy":"product_tag","embeddable":true,"href":"https:\/\/erzgebirge-krug.com\/en\/wp-json\/wp\/v2\/product_tag?post=1108"},{"taxonomy":"yst_prominent_words","embeddable":true,"href":"https:\/\/erzgebirge-krug.com\/en\/wp-json\/wp\/v2\/yst_prominent_words?post=1108"}],"curies":[{"name":"wp","href":"https:\/\/api.w.org\/{rel}","templated":true}]}}