{"id":1111,"date":"2025-09-28T06:40:58","date_gmt":"2025-09-28T05:40:58","guid":{"rendered":"https:\/\/erzgebirge-krug.com\/?post_type=product&#038;p=1111"},"modified":"2025-10-06T20:31:50","modified_gmt":"2025-10-06T19:31:50","slug":"nussknacker-bergakademist-38cm","status":"publish","type":"product","link":"https:\/\/erzgebirge-krug.com\/en\/produkt\/nussknacker-bergakademist-38cm\/","title":{"rendered":"Nussknacker &#8211; Bergakademist &#8211; 38cm"},"content":{"rendered":"<p>Der Nussknacker \u201eBergakademist\u201c \u00a0ist eine dekorative Holzfigur, hergestellt und Handbemalt im Erzgebirge.<\/p>\n<p>Merkmale:<\/p>\n<ul>\n<li>Einzigartige handgefertigte Holzfigur<\/li>\n<li>Model: Bergakademist \/ Bergmann<\/li>\n<li>Gr\u00f6\u00dfe: 38 cm<\/li>\n<li>Gewicht: 726g<\/li>\n<li>Hergestellt aus heimischen Laubh\u00f6lzern<\/li>\n<\/ul>\n<p>In Gestalt eines Bergakademist<strong>\u00a0<\/strong>verk\u00f6rpert der Nussknacker<strong>\u00a0<\/strong>eine respektvolle W\u00fcrdigung der Bergleute<strong>\u00a0<\/strong>und ihrer bedeutsamen Arbeit.<\/p>\n","protected":false},"excerpt":{"rendered":"<p>Der Nussknacker \u201eBergakademist\u201c \u00a0ist eine dekorative Holzfigur, hergestellt und Handbemalt im Erzgebirge. Merkmale: Einzigartige handgefertigte Holzfigur Model: Bergakademist \/ Bergmann Gr\u00f6\u00dfe: 38 cm Gewicht: 726g Hergestellt aus heimischen Laubh\u00f6lzern In Gestalt eines Bergakademist\u00a0verk\u00f6rpert der Nussknacker\u00a0eine respektvolle W\u00fcrdigung der Bergleute\u00a0und ihrer bedeutsamen Arbeit.<\/p>\n","protected":false},"featured_media":1170,"template":"","meta":[],"product_cat":[17],"product_tag":[],"yst_prominent_words":[],"class_list":{"0":"post-1111","1":"product","2":"type-product","3":"status-publish","4":"has-post-thumbnail","6":"product_cat-nussknacker","8":"first","9":"instock","10":"taxable","11":"shipping-taxable","12":"purchasable","13":"product-type-simple","14":"col-xs-6 col-sm-6","15":"col-md-3 col-lg-6","16":"un-2-cols"},"_links":{"self":[{"href":"https:\/\/erzgebirge-krug.com\/en\/wp-json\/wp\/v2\/product\/1111","targetHints":{"allow":["GET"]}}],"collection":[{"href":"https:\/\/erzgebirge-krug.com\/en\/wp-json\/wp\/v2\/product"}],"about":[{"href":"https:\/\/erzgebirge-krug.com\/en\/wp-json\/wp\/v2\/types\/product"}],"wp:featuredmedia":[{"embeddable":true,"href":"https:\/\/erzgebirge-krug.com\/en\/wp-json\/wp\/v2\/media\/1170"}],"wp:attachment":[{"href":"https:\/\/erzgebirge-krug.com\/en\/wp-json\/wp\/v2\/media?parent=1111"}],"wp:term":[{"taxonomy":"product_cat","embeddable":true,"href":"https:\/\/erzgebirge-krug.com\/en\/wp-json\/wp\/v2\/product_cat?post=1111"},{"taxonomy":"product_tag","embeddable":true,"href":"https:\/\/erzgebirge-krug.com\/en\/wp-json\/wp\/v2\/product_tag?post=1111"},{"taxonomy":"yst_prominent_words","embeddable":true,"href":"https:\/\/erzgebirge-krug.com\/en\/wp-json\/wp\/v2\/yst_prominent_words?post=1111"}],"curies":[{"name":"wp","href":"https:\/\/api.w.org\/{rel}","templated":true}]}}