{"id":1165,"date":"2025-09-28T06:44:00","date_gmt":"2025-09-28T05:44:00","guid":{"rendered":"https:\/\/erzgebirge-krug.com\/?post_type=product&#038;p=1165"},"modified":"2025-10-05T17:52:45","modified_gmt":"2025-10-05T16:52:45","slug":"nussknacker-koenig-exclusiv-weiss-gold-purpur-40cm","status":"publish","type":"product","link":"https:\/\/erzgebirge-krug.com\/en\/produkt\/nussknacker-koenig-exclusiv-weiss-gold-purpur-40cm\/","title":{"rendered":"Nussknacker &#8211; K\u00f6nig &#8211; Exklusiv Wei\u00df Gold Purpur &#8211; 40cm"},"content":{"rendered":"<p>Der Nussknacker K\u00f6nig in \u201eExklusiv Wei\u00df Gold Purpur\u201c ist eine dekorative Holzfigur, hergestellt und Handbemalt im Erzgebirge.<\/p>\n<p>Merkmale:<\/p>\n<ul>\n<li>Einzigartige handgefertigte Holzfigur<\/li>\n<li>Model: K\u00f6nig<\/li>\n<li>Farbe: Exklusik Wei\u00df Gold Purpur<\/li>\n<li>Gr\u00f6\u00dfe: 40 cm<\/li>\n<li>Gewicht: 815g<\/li>\n<li>Hergestellt aus heimischen Laubh\u00f6lzern<\/li>\n<\/ul>\n<p>&nbsp;<\/p>\n<p>&nbsp;<\/p>\n","protected":false},"excerpt":{"rendered":"<p>Der Nussknacker K\u00f6nig in \u201eExklusiv Wei\u00df Gold Purpur\u201c ist eine dekorative Holzfigur, hergestellt und Handbemalt im Erzgebirge. Merkmale: Einzigartige handgefertigte Holzfigur Model: K\u00f6nig Farbe: Exklusik Wei\u00df Gold Purpur Gr\u00f6\u00dfe: 40 cm Gewicht: 815g Hergestellt aus heimischen Laubh\u00f6lzern &nbsp; &nbsp;<\/p>\n","protected":false},"featured_media":1172,"template":"","meta":[],"product_cat":[17],"product_tag":[],"yst_prominent_words":[],"class_list":{"0":"post-1165","1":"product","2":"type-product","3":"status-publish","4":"has-post-thumbnail","6":"product_cat-nussknacker","8":"first","9":"instock","10":"taxable","11":"shipping-taxable","12":"purchasable","13":"product-type-simple","14":"col-xs-6 col-sm-6","15":"col-md-3 col-lg-6","16":"un-2-cols"},"_links":{"self":[{"href":"https:\/\/erzgebirge-krug.com\/en\/wp-json\/wp\/v2\/product\/1165","targetHints":{"allow":["GET"]}}],"collection":[{"href":"https:\/\/erzgebirge-krug.com\/en\/wp-json\/wp\/v2\/product"}],"about":[{"href":"https:\/\/erzgebirge-krug.com\/en\/wp-json\/wp\/v2\/types\/product"}],"wp:featuredmedia":[{"embeddable":true,"href":"https:\/\/erzgebirge-krug.com\/en\/wp-json\/wp\/v2\/media\/1172"}],"wp:attachment":[{"href":"https:\/\/erzgebirge-krug.com\/en\/wp-json\/wp\/v2\/media?parent=1165"}],"wp:term":[{"taxonomy":"product_cat","embeddable":true,"href":"https:\/\/erzgebirge-krug.com\/en\/wp-json\/wp\/v2\/product_cat?post=1165"},{"taxonomy":"product_tag","embeddable":true,"href":"https:\/\/erzgebirge-krug.com\/en\/wp-json\/wp\/v2\/product_tag?post=1165"},{"taxonomy":"yst_prominent_words","embeddable":true,"href":"https:\/\/erzgebirge-krug.com\/en\/wp-json\/wp\/v2\/yst_prominent_words?post=1165"}],"curies":[{"name":"wp","href":"https:\/\/api.w.org\/{rel}","templated":true}]}}