{"id":1166,"date":"2025-09-28T06:47:06","date_gmt":"2025-09-28T05:47:06","guid":{"rendered":"https:\/\/erzgebirge-krug.com\/?post_type=product&#038;p=1166"},"modified":"2025-10-05T17:45:29","modified_gmt":"2025-10-05T16:45:29","slug":"nussknacker-nachtwaechter-36cm","status":"publish","type":"product","link":"https:\/\/erzgebirge-krug.com\/en\/produkt\/nussknacker-nachtwaechter-36cm\/","title":{"rendered":"Nussknacker &#8211; Nachtw\u00e4chter &#8211; 36cm"},"content":{"rendered":"<hr \/>\n<p>Der Nussknacker \u201eNachtw\u00e4chter\u201c ist eine dekorative Holzfigur, hergestellt und Handbemalt im Erzgebirge.<\/p>\n<p>Merkmale:<\/p>\n<ul>\n<li>Einzigartige handgefertigte Holzfigur<\/li>\n<li>Model: Nachtw\u00e4chter<\/li>\n<li>Farbe: Braun<\/li>\n<li>Gr\u00f6\u00dfe: 36 cm<\/li>\n<li>Gewicht: 905g<\/li>\n<li>Hergestellt aus heimischen Laubh\u00f6lzern<\/li>\n<\/ul>\n<p>Die Urspr\u00fcnge des Nachtw\u00e4chters<strong>\u00a0<\/strong>reichen bis zu einer langen, historischen Zeit zur\u00fcck. Bereits im Mittelalter<strong>\u00a0<\/strong>hatte er die wichtige Aufgabe, f\u00fcr Ordnung und Ruhe zu sorgen.<\/p>\n","protected":false},"excerpt":{"rendered":"<p>Der Nussknacker \u201eNachtw\u00e4chter\u201c ist eine dekorative Holzfigur, hergestellt und Handbemalt im Erzgebirge. Merkmale: Einzigartige handgefertigte Holzfigur Model: Nachtw\u00e4chter Farbe: Braun Gr\u00f6\u00dfe: 36 cm Gewicht: 905g Hergestellt aus heimischen Laubh\u00f6lzern Die Urspr\u00fcnge des Nachtw\u00e4chters\u00a0reichen bis zu einer langen, historischen Zeit zur\u00fcck. Bereits im Mittelalter\u00a0hatte er die wichtige Aufgabe, f\u00fcr Ordnung und Ruhe zu sorgen.<\/p>\n","protected":false},"featured_media":1174,"template":"","meta":[],"product_cat":[17],"product_tag":[],"yst_prominent_words":[],"class_list":{"0":"post-1166","1":"product","2":"type-product","3":"status-publish","4":"has-post-thumbnail","6":"product_cat-nussknacker","8":"first","9":"instock","10":"taxable","11":"shipping-taxable","12":"purchasable","13":"product-type-simple","14":"col-xs-6 col-sm-6","15":"col-md-3 col-lg-6","16":"un-2-cols"},"_links":{"self":[{"href":"https:\/\/erzgebirge-krug.com\/en\/wp-json\/wp\/v2\/product\/1166","targetHints":{"allow":["GET"]}}],"collection":[{"href":"https:\/\/erzgebirge-krug.com\/en\/wp-json\/wp\/v2\/product"}],"about":[{"href":"https:\/\/erzgebirge-krug.com\/en\/wp-json\/wp\/v2\/types\/product"}],"wp:featuredmedia":[{"embeddable":true,"href":"https:\/\/erzgebirge-krug.com\/en\/wp-json\/wp\/v2\/media\/1174"}],"wp:attachment":[{"href":"https:\/\/erzgebirge-krug.com\/en\/wp-json\/wp\/v2\/media?parent=1166"}],"wp:term":[{"taxonomy":"product_cat","embeddable":true,"href":"https:\/\/erzgebirge-krug.com\/en\/wp-json\/wp\/v2\/product_cat?post=1166"},{"taxonomy":"product_tag","embeddable":true,"href":"https:\/\/erzgebirge-krug.com\/en\/wp-json\/wp\/v2\/product_tag?post=1166"},{"taxonomy":"yst_prominent_words","embeddable":true,"href":"https:\/\/erzgebirge-krug.com\/en\/wp-json\/wp\/v2\/yst_prominent_words?post=1166"}],"curies":[{"name":"wp","href":"https:\/\/api.w.org\/{rel}","templated":true}]}}