{"id":1168,"date":"2025-09-28T06:52:11","date_gmt":"2025-09-28T05:52:11","guid":{"rendered":"https:\/\/erzgebirge-krug.com\/?post_type=product&#038;p=1168"},"modified":"2025-10-05T17:38:30","modified_gmt":"2025-10-05T16:38:30","slug":"nussknacker-koenig-aubergine-lasiert-39cm","status":"publish","type":"product","link":"https:\/\/erzgebirge-krug.com\/en\/produkt\/nussknacker-koenig-aubergine-lasiert-39cm\/","title":{"rendered":"Nussknacker &#8211; K\u00f6nig &#8211; Aubergine lasiert &#8211; 39cm"},"content":{"rendered":"<p>Der Nussknacker K\u00f6nig in Aubergine lasiert ist eine dekorative Holzfigur, hergestellt und Handbemalt im Erzgebirge.<\/p>\n<p>Merkmale:<\/p>\n<ul>\n<li>Einzigartige handgefertigte Holzfigur<\/li>\n<li>Model: K\u00f6nig<\/li>\n<li>Farbe: Aubergine lasiert<\/li>\n<li>Gr\u00f6\u00dfe: 39 cm<\/li>\n<li>Gewicht: 790g<\/li>\n<li>Hergestellt aus heimischen Laubh\u00f6lzern<\/li>\n<\/ul>\n","protected":false},"excerpt":{"rendered":"<p>Der Nussknacker K\u00f6nig in Aubergine lasiert ist eine dekorative Holzfigur, hergestellt und Handbemalt im Erzgebirge. Merkmale: Einzigartige handgefertigte Holzfigur Model: K\u00f6nig Farbe: Aubergine lasiert Gr\u00f6\u00dfe: 39 cm Gewicht: 790g Hergestellt aus heimischen Laubh\u00f6lzern<\/p>\n","protected":false},"featured_media":1178,"template":"","meta":[],"product_cat":[17],"product_tag":[],"yst_prominent_words":[],"class_list":{"0":"post-1168","1":"product","2":"type-product","3":"status-publish","4":"has-post-thumbnail","6":"product_cat-nussknacker","8":"first","9":"instock","10":"taxable","11":"shipping-taxable","12":"purchasable","13":"product-type-simple","14":"col-xs-6 col-sm-6","15":"col-md-3 col-lg-6","16":"un-2-cols"},"_links":{"self":[{"href":"https:\/\/erzgebirge-krug.com\/en\/wp-json\/wp\/v2\/product\/1168","targetHints":{"allow":["GET"]}}],"collection":[{"href":"https:\/\/erzgebirge-krug.com\/en\/wp-json\/wp\/v2\/product"}],"about":[{"href":"https:\/\/erzgebirge-krug.com\/en\/wp-json\/wp\/v2\/types\/product"}],"wp:featuredmedia":[{"embeddable":true,"href":"https:\/\/erzgebirge-krug.com\/en\/wp-json\/wp\/v2\/media\/1178"}],"wp:attachment":[{"href":"https:\/\/erzgebirge-krug.com\/en\/wp-json\/wp\/v2\/media?parent=1168"}],"wp:term":[{"taxonomy":"product_cat","embeddable":true,"href":"https:\/\/erzgebirge-krug.com\/en\/wp-json\/wp\/v2\/product_cat?post=1168"},{"taxonomy":"product_tag","embeddable":true,"href":"https:\/\/erzgebirge-krug.com\/en\/wp-json\/wp\/v2\/product_tag?post=1168"},{"taxonomy":"yst_prominent_words","embeddable":true,"href":"https:\/\/erzgebirge-krug.com\/en\/wp-json\/wp\/v2\/yst_prominent_words?post=1168"}],"curies":[{"name":"wp","href":"https:\/\/api.w.org\/{rel}","templated":true}]}}