{"id":1194,"date":"2025-10-08T16:30:52","date_gmt":"2025-10-08T15:30:52","guid":{"rendered":"https:\/\/erzgebirge-krug.com\/?post_type=product&#038;p=1194"},"modified":"2025-10-09T13:04:25","modified_gmt":"2025-10-09T12:04:25","slug":"lichterhaus-einzelbeleuchtung","status":"publish","type":"product","link":"https:\/\/erzgebirge-krug.com\/en\/produkt\/lichterhaus-einzelbeleuchtung\/","title":{"rendered":"Lichterhaus Einzelbeleuchtung"},"content":{"rendered":"<p>Lichter H\u00e4user, Einzelbeleuchtung, f\u00fcr unsere Hand bemalten Porzellanh\u00e4user,<\/p>\n","protected":false},"excerpt":{"rendered":"<p>Lichter H\u00e4user, Einzelbeleuchtung, f\u00fcr unsere Hand bemalten Porzellanh\u00e4user,<\/p>\n","protected":false},"featured_media":1216,"template":"","meta":[],"product_cat":[46],"product_tag":[],"yst_prominent_words":[],"class_list":{"0":"post-1194","1":"product","2":"type-product","3":"status-publish","4":"has-post-thumbnail","6":"product_cat-porzellan-lichterhaeuser","8":"first","9":"instock","10":"taxable","11":"shipping-taxable","12":"purchasable","13":"product-type-simple","14":"col-xs-6 col-sm-6","15":"col-md-3 col-lg-6","16":"un-2-cols"},"_links":{"self":[{"href":"https:\/\/erzgebirge-krug.com\/en\/wp-json\/wp\/v2\/product\/1194","targetHints":{"allow":["GET"]}}],"collection":[{"href":"https:\/\/erzgebirge-krug.com\/en\/wp-json\/wp\/v2\/product"}],"about":[{"href":"https:\/\/erzgebirge-krug.com\/en\/wp-json\/wp\/v2\/types\/product"}],"wp:featuredmedia":[{"embeddable":true,"href":"https:\/\/erzgebirge-krug.com\/en\/wp-json\/wp\/v2\/media\/1216"}],"wp:attachment":[{"href":"https:\/\/erzgebirge-krug.com\/en\/wp-json\/wp\/v2\/media?parent=1194"}],"wp:term":[{"taxonomy":"product_cat","embeddable":true,"href":"https:\/\/erzgebirge-krug.com\/en\/wp-json\/wp\/v2\/product_cat?post=1194"},{"taxonomy":"product_tag","embeddable":true,"href":"https:\/\/erzgebirge-krug.com\/en\/wp-json\/wp\/v2\/product_tag?post=1194"},{"taxonomy":"yst_prominent_words","embeddable":true,"href":"https:\/\/erzgebirge-krug.com\/en\/wp-json\/wp\/v2\/yst_prominent_words?post=1194"}],"curies":[{"name":"wp","href":"https:\/\/api.w.org\/{rel}","templated":true}]}}