{"id":1195,"date":"2025-10-08T16:36:22","date_gmt":"2025-10-08T15:36:22","guid":{"rendered":"https:\/\/erzgebirge-krug.com\/?post_type=product&#038;p=1195"},"modified":"2025-10-09T13:03:30","modified_gmt":"2025-10-09T12:03:30","slug":"lichterhaeuser-4er-beleuchtung","status":"publish","type":"product","link":"https:\/\/erzgebirge-krug.com\/en\/produkt\/lichterhaeuser-4er-beleuchtung\/","title":{"rendered":"Lichterh\u00e4user 4er Beleuchtung"},"content":{"rendered":"<p>Beleuchtung f\u00fcr 4 Porzellan H\u00e4user , inclusive Birnen , Abstand zwischen den Birnen circa 40 &#8211; 45 cm<\/p>\n","protected":false},"excerpt":{"rendered":"<p>Beleuchtung f\u00fcr 4 Porzellan H\u00e4user , inclusive Birnen , Abstand zwischen den Birnen circa 40 &#8211; 45 cm<\/p>\n","protected":false},"featured_media":1214,"template":"","meta":[],"product_cat":[46],"product_tag":[],"yst_prominent_words":[],"class_list":{"0":"post-1195","1":"product","2":"type-product","3":"status-publish","4":"has-post-thumbnail","6":"product_cat-porzellan-lichterhaeuser","8":"first","9":"instock","10":"taxable","11":"shipping-taxable","12":"purchasable","13":"product-type-simple","14":"col-xs-6 col-sm-6","15":"col-md-3 col-lg-6","16":"un-2-cols"},"_links":{"self":[{"href":"https:\/\/erzgebirge-krug.com\/en\/wp-json\/wp\/v2\/product\/1195","targetHints":{"allow":["GET"]}}],"collection":[{"href":"https:\/\/erzgebirge-krug.com\/en\/wp-json\/wp\/v2\/product"}],"about":[{"href":"https:\/\/erzgebirge-krug.com\/en\/wp-json\/wp\/v2\/types\/product"}],"wp:featuredmedia":[{"embeddable":true,"href":"https:\/\/erzgebirge-krug.com\/en\/wp-json\/wp\/v2\/media\/1214"}],"wp:attachment":[{"href":"https:\/\/erzgebirge-krug.com\/en\/wp-json\/wp\/v2\/media?parent=1195"}],"wp:term":[{"taxonomy":"product_cat","embeddable":true,"href":"https:\/\/erzgebirge-krug.com\/en\/wp-json\/wp\/v2\/product_cat?post=1195"},{"taxonomy":"product_tag","embeddable":true,"href":"https:\/\/erzgebirge-krug.com\/en\/wp-json\/wp\/v2\/product_tag?post=1195"},{"taxonomy":"yst_prominent_words","embeddable":true,"href":"https:\/\/erzgebirge-krug.com\/en\/wp-json\/wp\/v2\/yst_prominent_words?post=1195"}],"curies":[{"name":"wp","href":"https:\/\/api.w.org\/{rel}","templated":true}]}}