{"id":1197,"date":"2025-10-08T16:56:31","date_gmt":"2025-10-08T15:56:31","guid":{"rendered":"https:\/\/erzgebirge-krug.com\/?post_type=product&#038;p=1197"},"modified":"2025-10-19T22:14:52","modified_gmt":"2025-10-19T21:14:52","slug":"raeuchermann-grillmeister-185-cm-hoch","status":"publish","type":"product","link":"https:\/\/erzgebirge-krug.com\/en\/produkt\/raeuchermann-grillmeister-185-cm-hoch\/","title":{"rendered":"R\u00e4uchermann &#8211; Grillmeister &#8211; 18,5 cm hoch"},"content":{"rendered":"<p>R\u00e4ucherm\u00e4nnchen , Grillmeister , Hand Bemalt aus dem Erzgebirge , 18,5 cm hoch , 12 cm breit , 11,5 cm tief<\/p>\n","protected":false},"excerpt":{"rendered":"<p>R\u00e4ucherm\u00e4nnchen , Grillmeister , Hand Bemalt aus dem Erzgebirge , 18,5 cm hoch , 12 cm breit , 11,5 cm tief<\/p>\n","protected":false},"featured_media":1198,"template":"","meta":[],"product_cat":[18],"product_tag":[],"yst_prominent_words":[],"class_list":{"0":"post-1197","1":"product","2":"type-product","3":"status-publish","4":"has-post-thumbnail","6":"product_cat-raeuchermaennche","8":"first","9":"instock","10":"taxable","11":"shipping-taxable","12":"purchasable","13":"product-type-simple","14":"col-xs-6 col-sm-6","15":"col-md-3 col-lg-6","16":"un-2-cols"},"_links":{"self":[{"href":"https:\/\/erzgebirge-krug.com\/en\/wp-json\/wp\/v2\/product\/1197","targetHints":{"allow":["GET"]}}],"collection":[{"href":"https:\/\/erzgebirge-krug.com\/en\/wp-json\/wp\/v2\/product"}],"about":[{"href":"https:\/\/erzgebirge-krug.com\/en\/wp-json\/wp\/v2\/types\/product"}],"wp:featuredmedia":[{"embeddable":true,"href":"https:\/\/erzgebirge-krug.com\/en\/wp-json\/wp\/v2\/media\/1198"}],"wp:attachment":[{"href":"https:\/\/erzgebirge-krug.com\/en\/wp-json\/wp\/v2\/media?parent=1197"}],"wp:term":[{"taxonomy":"product_cat","embeddable":true,"href":"https:\/\/erzgebirge-krug.com\/en\/wp-json\/wp\/v2\/product_cat?post=1197"},{"taxonomy":"product_tag","embeddable":true,"href":"https:\/\/erzgebirge-krug.com\/en\/wp-json\/wp\/v2\/product_tag?post=1197"},{"taxonomy":"yst_prominent_words","embeddable":true,"href":"https:\/\/erzgebirge-krug.com\/en\/wp-json\/wp\/v2\/yst_prominent_words?post=1197"}],"curies":[{"name":"wp","href":"https:\/\/api.w.org\/{rel}","templated":true}]}}