{"id":1273,"date":"2025-10-11T12:04:25","date_gmt":"2025-10-11T11:04:25","guid":{"rendered":"https:\/\/erzgebirge-krug.com\/?post_type=product&#038;p=1273"},"modified":"2025-10-20T15:16:50","modified_gmt":"2025-10-20T14:16:50","slug":"ersatzbirne-fuer-die-porzellan-lichterhaeuser","status":"publish","type":"product","link":"https:\/\/erzgebirge-krug.com\/en\/produkt\/ersatzbirne-fuer-die-porzellan-lichterhaeuser\/","title":{"rendered":"Ersatzbirne f\u00fcr die Porzellan Lichterh\u00e4user"},"content":{"rendered":"<p>Ersatzbirne f\u00fcr die Porzellan Lichterh\u00e4user \u2014 230 V &#8211; E14 &#8211; 15 Watt<\/p>\n","protected":false},"excerpt":{"rendered":"<p>Ersatzbirne f\u00fcr die Porzellan Lichterh\u00e4user \u2014 230 V &#8211; E14 &#8211; 15 Watt<\/p>\n","protected":false},"featured_media":1369,"template":"","meta":[],"product_cat":[46],"product_tag":[],"yst_prominent_words":[],"class_list":{"0":"post-1273","1":"product","2":"type-product","3":"status-publish","4":"has-post-thumbnail","6":"product_cat-porzellan-lichterhaeuser","8":"first","9":"instock","10":"taxable","11":"shipping-taxable","12":"purchasable","13":"product-type-simple","14":"col-xs-6 col-sm-6","15":"col-md-3 col-lg-6","16":"un-2-cols"},"_links":{"self":[{"href":"https:\/\/erzgebirge-krug.com\/en\/wp-json\/wp\/v2\/product\/1273","targetHints":{"allow":["GET"]}}],"collection":[{"href":"https:\/\/erzgebirge-krug.com\/en\/wp-json\/wp\/v2\/product"}],"about":[{"href":"https:\/\/erzgebirge-krug.com\/en\/wp-json\/wp\/v2\/types\/product"}],"wp:featuredmedia":[{"embeddable":true,"href":"https:\/\/erzgebirge-krug.com\/en\/wp-json\/wp\/v2\/media\/1369"}],"wp:attachment":[{"href":"https:\/\/erzgebirge-krug.com\/en\/wp-json\/wp\/v2\/media?parent=1273"}],"wp:term":[{"taxonomy":"product_cat","embeddable":true,"href":"https:\/\/erzgebirge-krug.com\/en\/wp-json\/wp\/v2\/product_cat?post=1273"},{"taxonomy":"product_tag","embeddable":true,"href":"https:\/\/erzgebirge-krug.com\/en\/wp-json\/wp\/v2\/product_tag?post=1273"},{"taxonomy":"yst_prominent_words","embeddable":true,"href":"https:\/\/erzgebirge-krug.com\/en\/wp-json\/wp\/v2\/yst_prominent_words?post=1273"}],"curies":[{"name":"wp","href":"https:\/\/api.w.org\/{rel}","templated":true}]}}