{"id":1278,"date":"2025-10-11T14:03:19","date_gmt":"2025-10-11T13:03:19","guid":{"rendered":"https:\/\/erzgebirge-krug.com\/?post_type=product&#038;p=1278"},"modified":"2025-10-20T17:34:29","modified_gmt":"2025-10-20T16:34:29","slug":"l-raeuchermann-melchior-42-cm-hoch","status":"publish","type":"product","link":"https:\/\/erzgebirge-krug.com\/en\/produkt\/l-raeuchermann-melchior-42-cm-hoch\/","title":{"rendered":"L R\u00e4uchermann &#8211; Melchior &#8211; 42 cm hoch"},"content":{"rendered":"<p>L R\u00e4uchermann &#8211; Melchior von den 3 Heiligen K\u00f6nigen &#8211; 42 cm hoch , 23 cm breit , 21 cm tief<\/p>\n<p>Original Erzgebirge , Handgearbeitet und Handbemalt<\/p>\n","protected":false},"excerpt":{"rendered":"<p>L R\u00e4uchermann &#8211; Melchior von den 3 Heiligen K\u00f6nigen &#8211; 42 cm hoch , 23 cm breit , 21 cm tief Original Erzgebirge , Handgearbeitet und Handbemalt<\/p>\n","protected":false},"featured_media":1421,"template":"","meta":[],"product_cat":[18],"product_tag":[],"yst_prominent_words":[],"class_list":{"0":"post-1278","1":"product","2":"type-product","3":"status-publish","4":"has-post-thumbnail","6":"product_cat-raeuchermaennche","8":"first","9":"instock","10":"taxable","11":"shipping-taxable","12":"purchasable","13":"product-type-simple","14":"col-xs-6 col-sm-6","15":"col-md-3 col-lg-6","16":"un-2-cols"},"_links":{"self":[{"href":"https:\/\/erzgebirge-krug.com\/en\/wp-json\/wp\/v2\/product\/1278","targetHints":{"allow":["GET"]}}],"collection":[{"href":"https:\/\/erzgebirge-krug.com\/en\/wp-json\/wp\/v2\/product"}],"about":[{"href":"https:\/\/erzgebirge-krug.com\/en\/wp-json\/wp\/v2\/types\/product"}],"wp:featuredmedia":[{"embeddable":true,"href":"https:\/\/erzgebirge-krug.com\/en\/wp-json\/wp\/v2\/media\/1421"}],"wp:attachment":[{"href":"https:\/\/erzgebirge-krug.com\/en\/wp-json\/wp\/v2\/media?parent=1278"}],"wp:term":[{"taxonomy":"product_cat","embeddable":true,"href":"https:\/\/erzgebirge-krug.com\/en\/wp-json\/wp\/v2\/product_cat?post=1278"},{"taxonomy":"product_tag","embeddable":true,"href":"https:\/\/erzgebirge-krug.com\/en\/wp-json\/wp\/v2\/product_tag?post=1278"},{"taxonomy":"yst_prominent_words","embeddable":true,"href":"https:\/\/erzgebirge-krug.com\/en\/wp-json\/wp\/v2\/yst_prominent_words?post=1278"}],"curies":[{"name":"wp","href":"https:\/\/api.w.org\/{rel}","templated":true}]}}