{"id":1475,"date":"2025-10-20T18:17:01","date_gmt":"2025-10-20T17:17:01","guid":{"rendered":"https:\/\/erzgebirge-krug.com\/?post_type=product&#038;p=1475"},"modified":"2025-11-06T17:47:26","modified_gmt":"2025-11-06T16:47:26","slug":"l-raeuchermann-balthasar-41-cm","status":"publish","type":"product","link":"https:\/\/erzgebirge-krug.com\/en\/produkt\/l-raeuchermann-balthasar-41-cm\/","title":{"rendered":"L R\u00e4uchermann &#8211; Balthasar &#8211; 41 cm hoch"},"content":{"rendered":"<p>Wundersch\u00f6ner L R\u00e4uchermann , Balthasar von den 3 Heiligen K\u00f6nigen , Hand gearbeitet und Hand bemalt, aus dem Erzgebirge , 41 cm hoch, 21 cm breit, 20 cm tief<\/p>\n","protected":false},"excerpt":{"rendered":"<p>Wundersch\u00f6ner L R\u00e4uchermann , Balthasar von den 3 Heiligen K\u00f6nigen , Hand gearbeitet und Hand bemalt, aus dem Erzgebirge , 41 cm hoch, 21 cm breit, 20 cm tief<\/p>\n","protected":false},"featured_media":1484,"template":"","meta":[],"product_cat":[18],"product_tag":[],"yst_prominent_words":[],"class_list":{"0":"post-1475","1":"product","2":"type-product","3":"status-publish","4":"has-post-thumbnail","6":"product_cat-raeuchermaennche","8":"first","9":"instock","10":"taxable","11":"shipping-taxable","12":"purchasable","13":"product-type-simple","14":"col-xs-6 col-sm-6","15":"col-md-3 col-lg-6","16":"un-2-cols"},"_links":{"self":[{"href":"https:\/\/erzgebirge-krug.com\/en\/wp-json\/wp\/v2\/product\/1475","targetHints":{"allow":["GET"]}}],"collection":[{"href":"https:\/\/erzgebirge-krug.com\/en\/wp-json\/wp\/v2\/product"}],"about":[{"href":"https:\/\/erzgebirge-krug.com\/en\/wp-json\/wp\/v2\/types\/product"}],"wp:featuredmedia":[{"embeddable":true,"href":"https:\/\/erzgebirge-krug.com\/en\/wp-json\/wp\/v2\/media\/1484"}],"wp:attachment":[{"href":"https:\/\/erzgebirge-krug.com\/en\/wp-json\/wp\/v2\/media?parent=1475"}],"wp:term":[{"taxonomy":"product_cat","embeddable":true,"href":"https:\/\/erzgebirge-krug.com\/en\/wp-json\/wp\/v2\/product_cat?post=1475"},{"taxonomy":"product_tag","embeddable":true,"href":"https:\/\/erzgebirge-krug.com\/en\/wp-json\/wp\/v2\/product_tag?post=1475"},{"taxonomy":"yst_prominent_words","embeddable":true,"href":"https:\/\/erzgebirge-krug.com\/en\/wp-json\/wp\/v2\/yst_prominent_words?post=1475"}],"curies":[{"name":"wp","href":"https:\/\/api.w.org\/{rel}","templated":true}]}}